{"id":246,"date":"2025-05-16T20:54:02","date_gmt":"2025-05-16T20:54:02","guid":{"rendered":"https:\/\/altmann-carolina.web.kslinz.at\/wp2025\/?page_id=246"},"modified":"2025-05-16T20:54:33","modified_gmt":"2025-05-16T20:54:33","slug":"246-2","status":"publish","type":"page","link":"https:\/\/altmann-carolina.web.kslinz.at\/wp2025\/246-2\/","title":{"rendered":"Datenschutz"},"content":{"rendered":"\n<p class=\"has-large-font-size\"><strong>Datenschutzerkl\u00e4rung<\/strong><\/p>\n\n\n\n<h3 class=\"wp-block-heading\">1. Allgemeine Hinweise<\/h3>\n\n\n\n<p>Der Schutz Ihrer pers\u00f6nlichen Daten ist uns sehr wichtig. Wir behandeln Ihre personenbezogenen Daten vertraulich und entsprechend der gesetzlichen Datenschutzvorschriften sowie dieser Datenschutzerkl\u00e4rung.<\/p>\n\n\n\n<p>Diese Website kann grunds\u00e4tzlich ohne Angabe personenbezogener Daten genutzt werden. Soweit auf unseren Seiten personenbezogene Daten (z.\u202fB. Name, E-Mail-Adresse) erhoben werden, erfolgt dies stets auf freiwilliger Basis.<\/p>\n\n\n\n<h3 class=\"wp-block-heading\">2. Verantwortliche Stelle<\/h3>\n\n\n\n<p>Verantwortlich f\u00fcr die Datenverarbeitung auf dieser Website ist:<\/p>\n\n\n\n<p>carolina altmann<\/p>\n\n\n\n<p>altmann.carolina@hlw.kslinz.at<\/p>\n\n\n\n<p>stockhoofstra\u00dfe 10<\/p>\n\n\n\n<p>4020 linz<\/p>\n\n\n\n<h3 class=\"wp-block-heading\">3. Cookies<\/h3>\n\n\n\n<p>Unsere Website verwendet <strong>keine Cookies<\/strong>, au\u00dfer technisch notwendige (z.\u202fB. f\u00fcr die Seitennavigation oder das Login ins Backend). Es findet <strong>keine Tracking- oder Werbeauswertung<\/strong> statt.<\/p>\n\n\n\n<h3 class=\"wp-block-heading\">4. Eingebettete Inhalte von anderen Websites<\/h3>\n\n\n\n<p>Beitr\u00e4ge auf dieser Website k\u00f6nnen eingebettete Inhalte enthalten (z.\u202fB. Videos, Karten, etc.). Diese verhalten sich so, als ob der Besucher die andere Website direkt besucht h\u00e4tte. Bitte beachten Sie die Datenschutzrichtlinien dieser Anbieter.<\/p>\n\n\n\n<h3 class=\"wp-block-heading\">5. Ihre Rechte<\/h3>\n\n\n\n<p>Sie haben jederzeit das Recht auf:<\/p>\n\n\n\n<ul class=\"wp-block-list\">\n<li>Auskunft \u00fcber Ihre gespeicherten Daten<\/li>\n\n\n\n<li>Berichtigung oder L\u00f6schung dieser Daten<\/li>\n\n\n\n<li>Einschr\u00e4nkung der Verarbeitung<\/li>\n\n\n\n<li>Widerspruch gegen die Verarbeitung<\/li>\n\n\n\n<li>Daten\u00fcbertragbarkeit (auf Anfrage)<\/li>\n<\/ul>\n\n\n\n<p>Wenn Sie glauben, dass Ihre Daten unrechtm\u00e4\u00dfig verarbeitet wurden, k\u00f6nnen Sie sich bei der zust\u00e4ndigen Datenschutzbeh\u00f6rde beschweren.<\/p>\n\n\n\n<h3 class=\"wp-block-heading\">6. SSL- bzw. TLS-Verschl\u00fcsselung<\/h3>\n\n\n\n<p>Diese Seite nutzt aus Sicherheitsgr\u00fcnden und zum Schutz der \u00dcbertragung vertraulicher Inhalte eine SSL-Verschl\u00fcsselung. Eine verschl\u00fcsselte Verbindung erkennen Sie an \u201ehttps:\/\/\u201c in der Adresszeile.<\/p>\n\n\n\n<h3 class=\"wp-block-heading\">7. Plugins und Tools<\/h3>\n\n\n\n<p><strong>WordPress<\/strong>: Diese Website verwendet das Content-Management-System WordPress. Es werden keine personenbezogenen Daten durch das System erhoben, au\u00dfer f\u00fcr das Kommentieren, Kontaktformulare oder wenn Sie sich einloggen.<\/p>\n\n\n\n<p><strong>Google Fonts<\/strong>: Die verwendeten Schriften sind <strong>lokal eingebunden<\/strong>, es findet <strong>keine Verbindung zu Google-Servern<\/strong> statt.<\/p>\n\n\n\n<hr class=\"wp-block-separator has-alpha-channel-opacity\"\/>\n\n\n\n<p class=\"has-large-font-size\"><em>Stand: Mai 2025<\/em><br>Diese Datenschutzerkl\u00e4rung wurde mit gr\u00f6\u00dfter Sorgfalt erstellt. Sie ersetzt jedoch keine rechtliche Beratung.<\/p>\n\n\n\n<p><\/p>\n","protected":false},"excerpt":{"rendered":"<p>Datenschutzerkl\u00e4rung 1. Allgemeine Hinweise Der Schutz Ihrer pers\u00f6nlichen Daten ist uns sehr wichtig. Wir behandeln Ihre personenbezogenen Daten vertraulich und entsprechend der gesetzlichen Datenschutzvorschriften sowie dieser Datenschutzerkl\u00e4rung. Diese Website kann grunds\u00e4tzlich ohne Angabe personenbezogener Daten genutzt werden. Soweit auf unseren Seiten personenbezogene Daten (z.\u202fB. Name, E-Mail-Adresse) erhoben werden, erfolgt dies stets auf freiwilliger Basis. 2. [&hellip;]<\/p>\n","protected":false},"author":1,"featured_media":0,"parent":0,"menu_order":0,"comment_status":"closed","ping_status":"closed","template":"","meta":{"footnotes":""},"class_list":["post-246","page","type-page","status-publish","hentry"],"_links":{"self":[{"href":"https:\/\/altmann-carolina.web.kslinz.at\/wp2025\/wp-json\/wp\/v2\/pages\/246","targetHints":{"allow":["GET"]}}],"collection":[{"href":"https:\/\/altmann-carolina.web.kslinz.at\/wp2025\/wp-json\/wp\/v2\/pages"}],"about":[{"href":"https:\/\/altmann-carolina.web.kslinz.at\/wp2025\/wp-json\/wp\/v2\/types\/page"}],"author":[{"embeddable":true,"href":"https:\/\/altmann-carolina.web.kslinz.at\/wp2025\/wp-json\/wp\/v2\/users\/1"}],"replies":[{"embeddable":true,"href":"https:\/\/altmann-carolina.web.kslinz.at\/wp2025\/wp-json\/wp\/v2\/comments?post=246"}],"version-history":[{"count":2,"href":"https:\/\/altmann-carolina.web.kslinz.at\/wp2025\/wp-json\/wp\/v2\/pages\/246\/revisions"}],"predecessor-version":[{"id":248,"href":"https:\/\/altmann-carolina.web.kslinz.at\/wp2025\/wp-json\/wp\/v2\/pages\/246\/revisions\/248"}],"wp:attachment":[{"href":"https:\/\/altmann-carolina.web.kslinz.at\/wp2025\/wp-json\/wp\/v2\/media?parent=246"}],"curies":[{"name":"wp","href":"https:\/\/api.w.org\/{rel}","templated":true}]}}