{"id":153,"date":"2025-05-15T08:45:10","date_gmt":"2025-05-15T08:45:10","guid":{"rendered":"https:\/\/altmann-carolina.web.kslinz.at\/wp2025\/?page_id=153"},"modified":"2025-05-15T08:45:39","modified_gmt":"2025-05-15T08:45:39","slug":"153-2","status":"publish","type":"page","link":"https:\/\/altmann-carolina.web.kslinz.at\/wp2025\/de\/153-2\/","title":{"rendered":"Impressum"},"content":{"rendered":"<h1 class=\"wp-block-heading\">Impressum<\/h1>\n\n\n\n<h2 class=\"wp-block-heading\">Verantwortlich f\u00fcr den Inhalt:<\/h2>\n\n\n\n<p>Carolina Altmann<br>Stockhofstra\u00dfe 10<br>4020 Linz, \u00d6sterreich<br>E-Mail: carolina.altmann1@gmail.com<\/p>\n\n\n\n<h3 class=\"wp-block-heading\">Zweck der Website:<\/h3>\n\n\n\n<p>Diese Website dient der Pr\u00e4sentation meiner schulischen Arbeiten und Projekte.<\/p>\n\n\n\n<h3 class=\"wp-block-heading\">Urheberrechtshinweis:<\/h3>\n\n\n\n<p>Alle Inhalte auf dieser Seite, einschlie\u00dflich Texte, Grafiken und Fotos, sind urheberrechtlich gesch\u00fctzt und Eigentum von Carolina Altmann, sofern nicht anders angegeben. Eine Verwendung ohne ausdr\u00fcckliche Zustimmung ist untersagt.<\/p>\n\n\n\n<h3 class=\"wp-block-heading\">Datenschutzerkl\u00e4rung<\/h3>\n\n\n\n<p>Datenschutz Ihre personenbezogenen Daten werden vertraulich und entsprechend der gesetzlichen Datenschutzvorschriften sowie dieser Datenschutzerkl\u00e4rung behandelt.<\/p>\n\n\n\n<h3 class=\"wp-block-heading\">Datenerfassung auf dieser Website<\/h3>\n\n\n\n<p>Sie k\u00f6nnen diese Website besuchen, ohne Angaben zu Ihrer Person zu machen. Es werden keine pers\u00f6nlichen Daten gespeichert, es sei denn, diese werden freiwillig angegeben (z.B. im Kontaktformular).<\/p>\n\n\n\n<h3 class=\"wp-block-heading\">Cookies<\/h3>\n\n\n\n<p>Diese Website verwendet technisch notwendige Cookies. Diese Cookies helfen dabei, die Website nutzbar zu machen, indem sie Grundfunktionen wie Seitennavigation und Zugriff auf sichere Bereiche der Website erm\u00f6glichen. Sie k\u00f6nnen Ihren Browser so einstellen, dass Sie \u00fcber diese Cookies informiert werden und Cookies nur im Einzelfall erlauben, die Annahme von Cookies f\u00fcr bestimmte F\u00e4lle oder generell ausschlie\u00dfen sowie das automatische L\u00f6schen der Cookies beim Schlie\u00dfen des Browsers aktivieren. Bei der Deaktivierung von Cookies kann die Funktionalit\u00e4t dieser Website eingeschr\u00e4nkt sein.<\/p>\n\n\n\n<h3 class=\"wp-block-heading\">Kontaktformular<\/h3>\n\n\n\n<p>Wenn Sie per Kontaktformular eine Anfrage zukommen lassen, werden Ihre Angaben aus dem Anfrageformular inklusive der von Ihnen dort angegebenen Kontaktdaten zwecks Bearbeitung der Anfrage und f\u00fcr den Fall von Anschlussfragen bei gespeichert. Diese Daten geben wir nicht ohne Ihre Einwilligung weiter.<\/p>\n\n\n\n<h3 class=\"wp-block-heading\">Ihre Rechte<\/h3>\n\n\n\n<p>Sie haben jederzeit das Recht unentgeltlich Auskunft \u00fcber Herkunft, Empf\u00e4nger und Zweck Ihrer gespeicherten personenbezogenen Daten zu erhalten. Sie haben au\u00dferdem ein Recht, die Berichtigung oder L\u00f6schung dieser Daten zu verlangen. Hierzu sowie zu weiteren Fragen zum Thema Datenschutz k\u00f6nnen Sie sich jederzeit unter der im Impressum angegebenen Adresse an mich wenden.<\/p>","protected":false},"excerpt":{"rendered":"<p>Impressum Verantwortlich f\u00fcr den Inhalt: Carolina AltmannStockhofstra\u00dfe 104020 Linz, \u00d6sterreichE-Mail: carolina.altmann1@gmail.com Zweck der Website: Diese Website dient der Pr\u00e4sentation meiner schulischen Arbeiten und Projekte. Urheberrechtshinweis: Alle Inhalte auf dieser Seite, einschlie\u00dflich Texte, Grafiken und Fotos, sind urheberrechtlich gesch\u00fctzt und Eigentum von Carolina Altmann, sofern nicht anders angegeben. Eine Verwendung ohne ausdr\u00fcckliche Zustimmung ist untersagt. Datenschutzerkl\u00e4rung [&hellip;]<\/p>","protected":false},"author":1,"featured_media":0,"parent":0,"menu_order":0,"comment_status":"closed","ping_status":"closed","template":"","meta":{"footnotes":""},"class_list":["post-153","page","type-page","status-publish","hentry"],"_links":{"self":[{"href":"https:\/\/altmann-carolina.web.kslinz.at\/wp2025\/de\/wp-json\/wp\/v2\/pages\/153","targetHints":{"allow":["GET"]}}],"collection":[{"href":"https:\/\/altmann-carolina.web.kslinz.at\/wp2025\/de\/wp-json\/wp\/v2\/pages"}],"about":[{"href":"https:\/\/altmann-carolina.web.kslinz.at\/wp2025\/de\/wp-json\/wp\/v2\/types\/page"}],"author":[{"embeddable":true,"href":"https:\/\/altmann-carolina.web.kslinz.at\/wp2025\/de\/wp-json\/wp\/v2\/users\/1"}],"replies":[{"embeddable":true,"href":"https:\/\/altmann-carolina.web.kslinz.at\/wp2025\/de\/wp-json\/wp\/v2\/comments?post=153"}],"version-history":[{"count":2,"href":"https:\/\/altmann-carolina.web.kslinz.at\/wp2025\/de\/wp-json\/wp\/v2\/pages\/153\/revisions"}],"predecessor-version":[{"id":155,"href":"https:\/\/altmann-carolina.web.kslinz.at\/wp2025\/de\/wp-json\/wp\/v2\/pages\/153\/revisions\/155"}],"wp:attachment":[{"href":"https:\/\/altmann-carolina.web.kslinz.at\/wp2025\/de\/wp-json\/wp\/v2\/media?parent=153"}],"curies":[{"name":"wp","href":"https:\/\/api.w.org\/{rel}","templated":true}]}}